{"id":107,"date":"2025-06-28T23:16:07","date_gmt":"2025-06-28T21:16:07","guid":{"rendered":"http:\/\/www.cyber-artifacts.com\/AdmiN\/?page_id=107"},"modified":"2025-09-21T23:07:16","modified_gmt":"2025-09-21T21:07:16","slug":"willkommen","status":"publish","type":"page","link":"http:\/\/www.cyber-artifacts.com\/AdmiN\/","title":{"rendered":"Willkommen"},"content":{"rendered":"\n<div class=\"wp-block-group is-layout-constrained wp-container-core-group-is-layout-1131da89 wp-block-group-is-layout-constrained\" style=\"margin-top:0px;margin-bottom:0px;padding-top:0px;padding-right:0px;padding-bottom:0px;padding-left:0px\">\n<h2 class=\"wp-block-heading\">Willkommen bei <strong>Cyber Artifact<\/strong>s<\/h2>\n\n\n\n<div style=\"height:50px\" aria-hidden=\"true\" class=\"wp-block-spacer\"><\/div>\n\n\n\n<h3 class=\"wp-block-heading\">Dein Upgrade f\u00fcr Wissen &amp; Werkzeug im Cyberspace<\/h3>\n\n\n\n<div style=\"height:20px\" aria-hidden=\"true\" class=\"wp-block-spacer\"><\/div>\n\n\n\n<blockquote class=\"wp-block-quote is-layout-flow wp-block-quote-is-layout-flow\">\n<p>\u201eDeine St\u00e4rke ist der Schutz der Gesellschaft.\u201c \u2013 Und wir liefern dir das passende Arsenal dazu.<\/p>\n<\/blockquote>\n\n\n\n<div style=\"height:20px\" aria-hidden=\"true\" class=\"wp-block-spacer\"><\/div>\n\n\n\n<p>Hier findest du keine langweiligen Technikratgeber oder 08\/15-Tools \u2013 bei uns bekommst du <strong>Cybersecurity-Wissen zum Anfassen<\/strong>, <strong>Gadgets f\u00fcr Hacker &amp; Maker<\/strong> und <strong>B\u00fccher<\/strong>, die dir zeigen, wie du zum Maker und <strong>White Hat <\/strong> wirst. Ob f\u00fcr dein n\u00e4chstes Capture-the-Flag-Event, dein Smart-Home-Lab oder einfach, um die Welt ein kleines St\u00fcck digitaler und sicherer zu machen.<\/p>\n\n\n\n<blockquote class=\"wp-block-quote is-layout-flow wp-block-quote-is-layout-flow\">\n<p class=\"has-text-align-left\"><strong>Hack the System. Fix the Future.<\/strong><br>Lerne. Sch\u00fctze. Handle.<br>Teste. Hacke. Verstehe.<\/p>\n<\/blockquote>\n\n\n\n<p>Tauche ein \u2013 und finde genau das Teil, das in deiner Sammlung noch gefehlt hat.<br>Und wenn du zwischendurch was lesen willst: Unser Blog ist immer auf Empfang.<\/p>\n<\/div>\n","protected":false},"excerpt":{"rendered":"<p>Willkommen bei Cyber Artifacts Dein Upgrade f\u00fcr Wissen &amp; Werkzeug im Cyberspace \u201eDeine St\u00e4rke ist der Schutz der Gesellschaft.\u201c \u2013 Und wir liefern dir das passende Arsenal dazu. Hier findest du keine langweiligen Technikratgeber oder 08\/15-Tools \u2013 bei uns bekommst du Cybersecurity-Wissen zum Anfassen, Gadgets f\u00fcr Hacker &amp; Maker und B\u00fccher, die dir zeigen, wie [&hellip;]<\/p>\n","protected":false},"author":1,"featured_media":0,"parent":0,"menu_order":0,"comment_status":"closed","ping_status":"closed","template":"","meta":{"_kadence_starter_templates_imported_post":false,"footnotes":""},"class_list":["post-107","page","type-page","status-publish","hentry"],"blocksy_meta":{"has_hero_section":"disabled","page_structure_type":"type-4","disable_share_box":"no","styles_descriptor":{"styles":{"desktop":"","tablet":"","mobile":""},"google_fonts":[],"version":6}},"jetpack_sharing_enabled":true,"_links":{"self":[{"href":"http:\/\/www.cyber-artifacts.com\/AdmiN\/wp-json\/wp\/v2\/pages\/107","targetHints":{"allow":["GET"]}}],"collection":[{"href":"http:\/\/www.cyber-artifacts.com\/AdmiN\/wp-json\/wp\/v2\/pages"}],"about":[{"href":"http:\/\/www.cyber-artifacts.com\/AdmiN\/wp-json\/wp\/v2\/types\/page"}],"author":[{"embeddable":true,"href":"http:\/\/www.cyber-artifacts.com\/AdmiN\/wp-json\/wp\/v2\/users\/1"}],"replies":[{"embeddable":true,"href":"http:\/\/www.cyber-artifacts.com\/AdmiN\/wp-json\/wp\/v2\/comments?post=107"}],"version-history":[{"count":10,"href":"http:\/\/www.cyber-artifacts.com\/AdmiN\/wp-json\/wp\/v2\/pages\/107\/revisions"}],"predecessor-version":[{"id":537,"href":"http:\/\/www.cyber-artifacts.com\/AdmiN\/wp-json\/wp\/v2\/pages\/107\/revisions\/537"}],"wp:attachment":[{"href":"http:\/\/www.cyber-artifacts.com\/AdmiN\/wp-json\/wp\/v2\/media?parent=107"}],"curies":[{"name":"wp","href":"https:\/\/api.w.org\/{rel}","templated":true}]}}