{"id":24,"date":"2025-06-12T17:22:51","date_gmt":"2025-06-12T15:22:51","guid":{"rendered":"http:\/\/www.cyber-artifacts.com\/AdmiN\/?page_id=24"},"modified":"2025-09-22T10:10:27","modified_gmt":"2025-09-22T08:10:27","slug":"impressum","status":"publish","type":"page","link":"http:\/\/www.cyber-artifacts.com\/AdmiN\/impressum\/","title":{"rendered":"Impressum"},"content":{"rendered":"\n<p><strong>Angaben gem\u00e4\u00df \u00a7 5 TMG<\/strong><\/p>\n\n\n\n<p>Thomas H\u00f6fert<br>Am Speyerbach 20a<br>67433 Neustadt an der Weinstra\u00dfe<br>Deutschland<\/p>\n\n\n\n<p><strong>Kontakt:<\/strong><br>E-Mail: <a>info@cyber-artifacts.com<\/a><\/p>\n\n\n\n<p><strong>Unternehmensform:<\/strong><br>Gewerbetreibender (Kleinunternehmer nach \u00a7 19 UStG \u2013 Umsatzsteuer wird nicht ausgewiesen)<\/p>\n\n\n\n<p><strong>Verantwortlich f\u00fcr den Inhalt nach \u00a7 18 Abs. 2 MStV:<\/strong><br>Thomas H\u00f6fert<br>Am Speyerbach 20a<br>67433 Neustadt an der Weinstra\u00dfe<br>Deutschland<\/p>\n\n\n\n<p><strong>Plattformen &amp; Verkaufsstellen:<\/strong><br>Die \u00fcber diese Website dargestellten Produkte (z. B. B\u00fccher und selbst entwickelte Ger\u00e4te) werden nicht direkt \u00fcber diese Website verkauft, sondern \u00fcber Drittanbieter-Plattformen wie Amazon und Etsy.<br>Es gelten jeweils die AGB und Datenschutzrichtlinien der jeweiligen Plattformen.<\/p>\n\n\n\n<p><strong>Online-Streitbeilegung gem\u00e4\u00df Art. 14 Abs. 1 ODR-VO und \u00a7 36 VSBG:<\/strong><br>Die Europ\u00e4ische Kommission stellt eine Plattform zur Online-Streitbeilegung (OS) bereit:<br>\ud83d\udc49 <a href=\"https:\/\/ec.europa.eu\/consumers\/odr\/\">https:\/\/ec.europa.eu\/consumers\/odr\/<\/a><\/p>\n\n\n\n<p>Ich bin <strong>nicht verpflichtet<\/strong> und <strong>nicht bereit<\/strong>, an Streitbeilegungsverfahren vor einer Verbraucherschlichtungsstelle teilzunehmen.<\/p>\n","protected":false},"excerpt":{"rendered":"<p>Angaben gem\u00e4\u00df \u00a7 5 TMG Thomas H\u00f6fertAm Speyerbach 20a67433 Neustadt an der Weinstra\u00dfeDeutschland Kontakt:E-Mail: info@cyber-artifacts.com Unternehmensform:Gewerbetreibender (Kleinunternehmer nach \u00a7 19 UStG \u2013 Umsatzsteuer wird nicht ausgewiesen) Verantwortlich f\u00fcr den Inhalt nach \u00a7 18 Abs. 2 MStV:Thomas H\u00f6fertAm Speyerbach 20a67433 Neustadt an der Weinstra\u00dfeDeutschland Plattformen &amp; Verkaufsstellen:Die \u00fcber diese Website dargestellten Produkte (z. B. B\u00fccher und [&hellip;]<\/p>\n","protected":false},"author":1,"featured_media":0,"parent":0,"menu_order":0,"comment_status":"closed","ping_status":"closed","template":"","meta":{"_kadence_starter_templates_imported_post":false,"footnotes":""},"class_list":["post-24","page","type-page","status-publish","hentry"],"blocksy_meta":[],"jetpack_sharing_enabled":true,"_links":{"self":[{"href":"http:\/\/www.cyber-artifacts.com\/AdmiN\/wp-json\/wp\/v2\/pages\/24","targetHints":{"allow":["GET"]}}],"collection":[{"href":"http:\/\/www.cyber-artifacts.com\/AdmiN\/wp-json\/wp\/v2\/pages"}],"about":[{"href":"http:\/\/www.cyber-artifacts.com\/AdmiN\/wp-json\/wp\/v2\/types\/page"}],"author":[{"embeddable":true,"href":"http:\/\/www.cyber-artifacts.com\/AdmiN\/wp-json\/wp\/v2\/users\/1"}],"replies":[{"embeddable":true,"href":"http:\/\/www.cyber-artifacts.com\/AdmiN\/wp-json\/wp\/v2\/comments?post=24"}],"version-history":[{"count":4,"href":"http:\/\/www.cyber-artifacts.com\/AdmiN\/wp-json\/wp\/v2\/pages\/24\/revisions"}],"predecessor-version":[{"id":559,"href":"http:\/\/www.cyber-artifacts.com\/AdmiN\/wp-json\/wp\/v2\/pages\/24\/revisions\/559"}],"wp:attachment":[{"href":"http:\/\/www.cyber-artifacts.com\/AdmiN\/wp-json\/wp\/v2\/media?parent=24"}],"curies":[{"name":"wp","href":"https:\/\/api.w.org\/{rel}","templated":true}]}}